{"id":122,"date":"2025-07-07T10:11:20","date_gmt":"2025-07-07T10:11:20","guid":{"rendered":"https:\/\/fundacionanitahm.org\/about\/"},"modified":"2025-07-09T18:34:32","modified_gmt":"2025-07-09T18:34:32","slug":"about","status":"publish","type":"page","link":"https:\/\/fundacionanitahm.org\/?page_id=122","title":{"rendered":"Quienes Somos"},"content":{"rendered":"\n<div class=\"wp-block-group alignfull hostinger-ai-about-us-2 hostinger-ai-fade-up has-global-padding is-layout-constrained wp-block-group-is-layout-constrained\" data-aos=\"fade-up\">\n<div class=\"wp-block-group alignwide hostinger-ai-fade-up is-layout-grid wp-container-core-group-is-layout-422a8eaf wp-block-group-is-layout-grid\" data-aos=\"fade-up\" style=\"padding-top:var(--wp--preset--spacing--60);padding-right:0;padding-bottom:var(--wp--preset--spacing--60);padding-left:0\">\n<div class=\"wp-block-group hostinger-ai-fade-up has-global-padding is-layout-constrained wp-block-group-is-layout-constrained\" data-aos=\"fade-up\">\n<figure class=\"wp-block-image size-full has-custom-border hostinger-ai-image hostinger-index-1\"><img loading=\"lazy\" decoding=\"async\" width=\"584\" height=\"352\" src=\"https:\/\/fundacionanitahm.org\/wp-content\/uploads\/2025\/07\/image.png\" alt=\"\" class=\"wp-image-163\" style=\"border-radius:20px\" srcset=\"https:\/\/fundacionanitahm.org\/wp-content\/uploads\/2025\/07\/image.png 584w, https:\/\/fundacionanitahm.org\/wp-content\/uploads\/2025\/07\/image-300x181.png 300w\" sizes=\"auto, (max-width: 584px) 100vw, 584px\" \/><\/figure>\n<\/div>\n\n\n\n<div class=\"wp-block-group hostinger-ai-fade-up wp-container-content-5e2576f9 is-vertical is-content-justification-left is-nowrap is-layout-flex wp-container-core-group-is-layout-cb02dbd6 wp-block-group-is-layout-flex\" data-aos=\"fade-up\" style=\"padding-right:var(--wp--preset--spacing--60);padding-left:var(--wp--preset--spacing--60)\">\n<h2 class=\"wp-block-heading hostinger-ai-title has-dark-color has-text-color has-link-color has-x-large-font-size wp-elements-e8871cd365519b918e363456d3c22607\" style=\"margin-top:0;margin-right:0;margin-bottom:0;margin-left:0;padding-bottom:var(--wp--preset--spacing--20)\">Nuestra Fundaci\u00f3n<\/h2>\n\n\n\n<p class=\"hostinger-ai-description has-dark-color has-text-color has-link-color has-medium-font-size wp-elements-a77d060fd14015882d27c696ab4dd9fd\" style=\"margin-top:0;margin-bottom:var(--wp--preset--spacing--50)\">Somos una istituci\u00f3n sin fines lucro que impulsa el desarrollo integral y el bienestar social de ni\u00f1as, ni\u00f1os, adolescentes, j\u00f3venes y sus familias mediante proyectos autosostenibles.<\/p>\n<\/div>\n<\/div>\n<\/div>\n\n\n\n<div class=\"wp-block-group alignfull hostinger-ai-resume-1 hostinger-ai-fade-up has-global-padding is-layout-constrained wp-block-group-is-layout-constrained\" data-aos=\"fade-up\">\n<div class=\"wp-block-group alignwide hostinger-ai-fade-up is-layout-flow wp-block-group-is-layout-flow\" data-aos=\"fade-up\" style=\"padding-top:var(--wp--preset--spacing--60);padding-bottom:var(--wp--preset--spacing--60)\">\n<div class=\"wp-block-columns is-layout-flex wp-container-core-columns-is-layout-783b4be3 wp-block-columns-is-layout-flex\" style=\"margin-bottom:var(--wp--preset--spacing--60)\">\n<div class=\"wp-block-column is-layout-flow wp-block-column-is-layout-flow\">\n<h2 class=\"wp-block-heading hostinger-ai-title has-dark-color has-text-color has-link-color has-x-large-font-size wp-elements-4ea621d1126b1fe2b1e1cd27bc4e7f73\" style=\"margin-bottom:var(--wp--preset--spacing--20)\">Nuestra Misi\u00f3n<\/h2>\n<\/div>\n\n\n\n<div class=\"wp-block-column is-layout-flow wp-block-column-is-layout-flow\">\n<p class=\"hostinger-ai-description has-dark-color has-text-color has-link-color has-medium-font-size wp-elements-5914f0b94bf3a44bf9e896570b742a69\" style=\"margin-top:0;margin-bottom:var(--wp--preset--spacing--70)\">Contribuimos al desarrollo integral y bienestar social de ni\u00f1os, ni\u00f1as, adolescentes y sus familias en nuestra comunidad.<\/p>\n\n\n\n<p class=\"hostinger-ai-description hostinger-index-1\" style=\"margin-bottom:var(--wp--preset--spacing--50)\"><\/p>\n<\/div>\n<\/div>\n\n\n\n<div class=\"wp-block-columns is-layout-flex wp-container-core-columns-is-layout-28f84493 wp-block-columns-is-layout-flex\">\n<div class=\"wp-block-column is-layout-flow wp-block-column-is-layout-flow\">\n<h2 class=\"wp-block-heading hostinger-ai-title hostinger-index-1 has-dark-color has-text-color has-link-color has-x-large-font-size wp-elements-77c6b3e5c1ca4fb6fb09dd488e366c92\" style=\"margin-bottom:var(--wp--preset--spacing--20)\">Nuestra Visi\u00f3n<\/h2>\n<\/div>\n\n\n\n<div class=\"wp-block-column is-layout-flow wp-block-column-is-layout-flow\">\n<p>Ser l\u00edderes en desarrollo integral y bienestar social de ni\u00f1os, ni\u00f1as, adolescentes y sus familias, a trav\u00e9s de proyectos autosostenibles<\/p>\n<\/div>\n<\/div>\n<\/div>\n<\/div>\n\n\n\n<div class=\"wp-block-group alignfull hostinger-ai-resume-1 hostinger-ai-fade-up has-global-padding is-layout-constrained wp-block-group-is-layout-constrained\" data-aos=\"fade-up\">\n<div class=\"wp-block-group alignwide hostinger-ai-fade-up is-layout-flow wp-block-group-is-layout-flow\" data-aos=\"fade-up\" style=\"padding-top:var(--wp--preset--spacing--60);padding-bottom:var(--wp--preset--spacing--60)\">\n<div class=\"wp-block-columns is-layout-flex wp-container-core-columns-is-layout-783b4be3 wp-block-columns-is-layout-flex\" style=\"margin-bottom:var(--wp--preset--spacing--60)\">\n<div class=\"wp-block-column is-layout-flow wp-block-column-is-layout-flow\">\n<h2 class=\"wp-block-heading hostinger-ai-title has-dark-color has-text-color has-link-color has-x-large-font-size wp-elements-973f480236a67bf173b29e3aa620826f\" style=\"margin-bottom:var(--wp--preset--spacing--20)\">Nuestros Valores<\/h2>\n<\/div>\n\n\n\n<div class=\"wp-block-column is-layout-flow wp-block-column-is-layout-flow\">\n<p class=\"hostinger-ai-description has-dark-color has-text-color has-link-color has-medium-font-size wp-elements-5053333b6cdbe032bbe0b4cf3f712556\" style=\"margin-top:0;margin-bottom:var(--wp--preset--spacing--70)\">Igualdad, Integridad, Servicio, Dignidad, Fe, Responsabilidad<\/p>\n\n\n\n<p class=\"hostinger-ai-description hostinger-index-1\" style=\"margin-bottom:var(--wp--preset--spacing--50)\"><\/p>\n<\/div>\n<\/div>\n\n\n\n<div class=\"wp-block-columns is-layout-flex wp-container-core-columns-is-layout-28f84493 wp-block-columns-is-layout-flex\">\n<div class=\"wp-block-column is-layout-flow wp-block-column-is-layout-flow\"><\/div>\n\n\n\n<div class=\"wp-block-column is-layout-flow wp-block-column-is-layout-flow\"><\/div>\n<\/div>\n<\/div>\n<\/div>\n\n\n\n<p><\/p>\n","protected":false},"excerpt":{"rendered":"<p>Nuestra Fundaci\u00f3n Somos una istituci\u00f3n sin fines lucro que impulsa el desarrollo integral y el bienestar social de ni\u00f1as, ni\u00f1os, adolescentes, j\u00f3venes y sus familias mediante proyectos autosostenibles. Nuestra Misi\u00f3n Contribuimos al desarrollo integral y bienestar social de ni\u00f1os, ni\u00f1as, adolescentes y sus familias en nuestra comunidad. Nuestra Visi\u00f3n Ser l\u00edderes en desarrollo integral y [&hellip;]<\/p>\n","protected":false},"author":1,"featured_media":0,"parent":0,"menu_order":0,"comment_status":"closed","ping_status":"closed","template":"","meta":{"footnotes":""},"class_list":["post-122","page","type-page","status-publish","hentry"],"_links":{"self":[{"href":"https:\/\/fundacionanitahm.org\/index.php?rest_route=\/wp\/v2\/pages\/122","targetHints":{"allow":["GET"]}}],"collection":[{"href":"https:\/\/fundacionanitahm.org\/index.php?rest_route=\/wp\/v2\/pages"}],"about":[{"href":"https:\/\/fundacionanitahm.org\/index.php?rest_route=\/wp\/v2\/types\/page"}],"author":[{"embeddable":true,"href":"https:\/\/fundacionanitahm.org\/index.php?rest_route=\/wp\/v2\/users\/1"}],"replies":[{"embeddable":true,"href":"https:\/\/fundacionanitahm.org\/index.php?rest_route=%2Fwp%2Fv2%2Fcomments&post=122"}],"version-history":[{"count":5,"href":"https:\/\/fundacionanitahm.org\/index.php?rest_route=\/wp\/v2\/pages\/122\/revisions"}],"predecessor-version":[{"id":174,"href":"https:\/\/fundacionanitahm.org\/index.php?rest_route=\/wp\/v2\/pages\/122\/revisions\/174"}],"wp:attachment":[{"href":"https:\/\/fundacionanitahm.org\/index.php?rest_route=%2Fwp%2Fv2%2Fmedia&parent=122"}],"curies":[{"name":"wp","href":"https:\/\/api.w.org\/{rel}","templated":true}]}}