{"id":185,"date":"2025-07-09T18:47:36","date_gmt":"2025-07-09T18:47:36","guid":{"rendered":"https:\/\/fundacionanitahm.org\/?page_id=185"},"modified":"2025-12-29T17:04:16","modified_gmt":"2025-12-29T17:04:16","slug":"donaciones","status":"publish","type":"page","link":"https:\/\/fundacionanitahm.org\/?page_id=185","title":{"rendered":"Donaciones"},"content":{"rendered":"\n<p><strong>Estos son los datos de la fundaci\u00f3n.<\/strong><br>Puedes ser parte colaborando de forma directa, ya sea escaneando el siguiente c\u00f3digo QR o realizando una transferencia bancaria.<\/p>\n\n\n\n<p>\ud83d\udcf2 <strong>Donaci\u00f3n por QR:<\/strong><br>Escanea el c\u00f3digo para donar de manera r\u00e1pida y segura.<\/p>\n\n\n\n<figure class=\"wp-block-image size-large is-resized\"><a href=\"https:\/\/fundacionanitahm.org\/?attachment_id=216\" target=\"_blank\" rel=\" noreferrer noopener\"><img loading=\"lazy\" decoding=\"async\" width=\"759\" height=\"1024\" src=\"https:\/\/fundacionanitahm.org\/wp-content\/uploads\/2025\/09\/QR-759x1024.jpeg\" alt=\"\" class=\"wp-image-216\" style=\"aspect-ratio:0.7411982877328468;width:260px;height:auto\" srcset=\"https:\/\/fundacionanitahm.org\/wp-content\/uploads\/2025\/09\/QR-759x1024.jpeg 759w, https:\/\/fundacionanitahm.org\/wp-content\/uploads\/2025\/09\/QR-222x300.jpeg 222w, https:\/\/fundacionanitahm.org\/wp-content\/uploads\/2025\/09\/QR-768x1036.jpeg 768w, https:\/\/fundacionanitahm.org\/wp-content\/uploads\/2025\/09\/QR.jpeg 996w\" sizes=\"auto, (max-width: 759px) 100vw, 759px\" \/><\/a><\/figure>\n\n\n\n<p>\ud83c\udfe6 <strong>Transferencia bancaria:<\/strong><br><strong>Nombre:<\/strong> Fundaci\u00f3n Anita Heredia Melendres<br><strong>Banco:<\/strong> Banco Nacional de Bolivia<br><strong>N\u00famero de cuenta:<\/strong> 2000281681<br><strong>Tipo de cuenta:<\/strong> Ahorros<br><strong>Nro. De Nit:<\/strong> 376675020<br><\/p>\n\n\n\n<p>\ud83d\ude4f Gracias por tu apoyo. Tu generosidad hace la diferencia.<\/p>\n","protected":false},"excerpt":{"rendered":"<p>Estos son los datos de la fundaci\u00f3n.Puedes ser parte colaborando de forma directa, ya sea escaneando el siguiente c\u00f3digo QR o realizando una transferencia bancaria. \ud83d\udcf2 Donaci\u00f3n por QR:Escanea el c\u00f3digo para donar de manera r\u00e1pida y segura. \ud83c\udfe6 Transferencia bancaria:Nombre: Fundaci\u00f3n Anita Heredia MelendresBanco: Banco Nacional de BoliviaN\u00famero de cuenta: 2000281681Tipo de cuenta: AhorrosNro. [&hellip;]<\/p>\n","protected":false},"author":1,"featured_media":0,"parent":0,"menu_order":0,"comment_status":"closed","ping_status":"closed","template":"","meta":{"footnotes":""},"class_list":["post-185","page","type-page","status-publish","hentry"],"_links":{"self":[{"href":"https:\/\/fundacionanitahm.org\/index.php?rest_route=\/wp\/v2\/pages\/185","targetHints":{"allow":["GET"]}}],"collection":[{"href":"https:\/\/fundacionanitahm.org\/index.php?rest_route=\/wp\/v2\/pages"}],"about":[{"href":"https:\/\/fundacionanitahm.org\/index.php?rest_route=\/wp\/v2\/types\/page"}],"author":[{"embeddable":true,"href":"https:\/\/fundacionanitahm.org\/index.php?rest_route=\/wp\/v2\/users\/1"}],"replies":[{"embeddable":true,"href":"https:\/\/fundacionanitahm.org\/index.php?rest_route=%2Fwp%2Fv2%2Fcomments&post=185"}],"version-history":[{"count":12,"href":"https:\/\/fundacionanitahm.org\/index.php?rest_route=\/wp\/v2\/pages\/185\/revisions"}],"predecessor-version":[{"id":304,"href":"https:\/\/fundacionanitahm.org\/index.php?rest_route=\/wp\/v2\/pages\/185\/revisions\/304"}],"wp:attachment":[{"href":"https:\/\/fundacionanitahm.org\/index.php?rest_route=%2Fwp%2Fv2%2Fmedia&parent=185"}],"curies":[{"name":"wp","href":"https:\/\/api.w.org\/{rel}","templated":true}]}}